{"id":370,"date":"2024-04-01T22:55:26","date_gmt":"2024-04-01T20:55:26","guid":{"rendered":"https:\/\/livewood.sk\/?page_id=370"},"modified":"2024-04-02T22:15:59","modified_gmt":"2024-04-02T20:15:59","slug":"sluzby","status":"publish","type":"page","link":"https:\/\/livewood.sk\/?page_id=370","title":{"rendered":"Slu\u017eby"},"content":{"rendered":"\n<h3 class=\"wp-block-heading\">Pon\u00fakame komplexn\u00e9 arboristick\u00e9 slu\u017eby<\/h3>\n\n\n\n<ul class=\"wp-block-list\">\n<li>Hodnotenie stavu stromov<\/li>\n\n\n\n<li><a href=\"https:\/\/livewood.sk\/?page_id=235\"> V\u00fdsadba stromov<\/a><\/li>\n\n\n\n<li><a href=\"https:\/\/livewood.sk\/?page_id=245\"> O\u0161etrovane\/rez stromov<\/a><\/li>\n\n\n\n<li><a href=\"https:\/\/livewood.sk\/?page_id=278\"> In\u0161atal\u00e1cia bezpe\u010dnostn\u00fdch v\u00e4zieb<\/a><\/li>\n\n\n\n<li> Bezpe\u010dn\u00fd v\u00fdrub stromov<\/li>\n\n\n\n<li> Odvoz drevn\u00e9ho odpadu<\/li>\n<\/ul>\n\n\n\n<h3 class=\"wp-block-heading\">Hodnotenie stavu stromov<\/h3>\n\n\n\n<p>Pri <a href=\"https:\/\/sk.wikipedia.org\/wiki\/Dendrol%C3%B3gia\">dendrologickom<\/a> hodnoten\u00ed stromov sa s\u00fastre\u010fujeme na nieko\u013eko k\u013e\u00fa\u010dov\u00fdch faktorov. Najprv d\u00f4kladne pozorujeme stromy, h\u013eadaj\u00fac ak\u00e9ko\u013evek zn\u00e1mky probl\u00e9mov ako hnilobu, odumret\u00e9 kon\u00e1re alebo zranenia k\u00f4ry. Potom sa zaober\u00e1me ich zdravotn\u00fdm stavom, \u010di u\u017e ide o pr\u00edtomnos\u0165 chor\u00f4b, \u0161kodcov alebo in\u00e9 zdravotn\u00e9 probl\u00e9my, ktor\u00e9 m\u00f4\u017eu ovplyvni\u0165 ich \u017eivotnos\u0165.<\/p>\n\n\n\n<p>Stabilita je tie\u017e ve\u013emi d\u00f4le\u017eit\u00e1. Mus\u00edme pos\u00fadi\u0165, \u010di s\u00fa stromy schopn\u00e9 odola\u0165 vonkaj\u0161\u00edm vplyvom ako je z\u00e1\u0165a\u017e vetrom alebo snehom. Zoh\u013ead\u0148ujeme aj kvalitu p\u00f4dy a okolit\u00e9ho prostredia, preto\u017ee to m\u00f4\u017ee ma\u0165 v\u00fdznamn\u00fd vplyv na zdravie a rast stromov.<\/p>\n\n\n\n<p>Pozornos\u0165 venujeme aj hist\u00f3rii konkr\u00e9tneho stromu a jeho stanoviska, ako aj historii ter\u00e9nnych \u00faprav a in\u00fdch zmien v jeho okol\u00ed, aby sme lep\u0161ie pochopili ich s\u00fa\u010dasn\u00fd stav a progn\u00f3zu na bud\u00facnos\u0165. A nem\u00f4\u017eeme zabudn\u00fa\u0165 ani na mo\u017en\u00e9 rizik\u00e1 a nebezpe\u010denstv\u00e1, ktor\u00e9 m\u00f4\u017eu stromy predstavova\u0165 pre \u013eud\u00ed alebo majetok.<\/p>\n\n\n\n<p>Na z\u00e1klade na\u0161ich pozorovan\u00ed a anal\u00fdz m\u00f4\u017eeme potom poskytn\u00fa\u0165 odpor\u00fa\u010dania t\u00fdkaj\u00face sa \u00fadr\u017eby, starostlivosti alebo potenci\u00e1lnej potreby odstr\u00e1nenia stromov. Dendrologick\u00e9 hodnotenie je pre n\u00e1s k\u013e\u00fa\u010dov\u00fdm n\u00e1strojom na zabezpe\u010denie bezpe\u010dnosti a udr\u017eania zdravia stromov.<\/p>\n\n\n<div class=\"wp-block-image\">\n<figure class=\"aligncenter size-large is-resized\"><img loading=\"lazy\" decoding=\"async\" src=\"https:\/\/livewood.sk\/wp-content\/uploads\/2024\/04\/tahova_skuska_meranie_stromu-1024x768.jpg\" alt=\"\" class=\"wp-image-399\" width=\"468\" height=\"351\" srcset=\"https:\/\/livewood.sk\/wp-content\/uploads\/2024\/04\/tahova_skuska_meranie_stromu-1024x768.jpg 1024w, https:\/\/livewood.sk\/wp-content\/uploads\/2024\/04\/tahova_skuska_meranie_stromu-300x225.jpg 300w, https:\/\/livewood.sk\/wp-content\/uploads\/2024\/04\/tahova_skuska_meranie_stromu-768x576.jpg 768w, https:\/\/livewood.sk\/wp-content\/uploads\/2024\/04\/tahova_skuska_meranie_stromu-1536x1152.jpg 1536w, https:\/\/livewood.sk\/wp-content\/uploads\/2024\/04\/tahova_skuska_meranie_stromu-2048x1536.jpg 2048w\" sizes=\"auto, (max-width: 468px) 100vw, 468px\" \/><\/figure><\/div>","protected":false},"excerpt":{"rendered":"<p>Pon\u00fakame komplexn\u00e9 arboristick\u00e9 slu\u017eby Hodnotenie stavu stromov Pri dendrologickom hodnoten\u00ed stromov sa s\u00fastre\u010fujeme na nieko\u013eko k\u013e\u00fa\u010dov\u00fdch faktorov. Najprv d\u00f4kladne pozorujeme stromy, h\u013eadaj\u00fac ak\u00e9ko\u013evek zn\u00e1mky probl\u00e9mov ako hnilobu, odumret\u00e9 kon\u00e1re alebo zranenia k\u00f4ry. Potom sa zaober\u00e1me ich zdravotn\u00fdm stavom, \u010di u\u017e ide o pr\u00edtomnos\u0165 chor\u00f4b, \u0161kodcov alebo in\u00e9 zdravotn\u00e9 probl\u00e9my, ktor\u00e9 m\u00f4\u017eu ovplyvni\u0165 ich \u017eivotnos\u0165. Stabilita [&hellip;]<\/p>\n","protected":false},"author":1,"featured_media":392,"parent":0,"menu_order":0,"comment_status":"closed","ping_status":"closed","template":"","meta":{"_mi_skip_tracking":false,"footnotes":""},"class_list":["post-370","page","type-page","status-publish","has-post-thumbnail","hentry"],"yoast_head":"<!-- This site is optimized with the Yoast SEO plugin v19.13 - https:\/\/yoast.com\/wordpress\/plugins\/seo\/ -->\n<title>Slu\u017eby - LiveWood<\/title>\n<meta name=\"robots\" content=\"index, follow, max-snippet:-1, max-image-preview:large, max-video-preview:-1\" \/>\n<link rel=\"canonical\" href=\"https:\/\/livewood.sk\/?page_id=370\" \/>\n<meta property=\"og:locale\" content=\"sk_SK\" \/>\n<meta property=\"og:type\" content=\"article\" \/>\n<meta property=\"og:title\" content=\"Slu\u017eby - LiveWood\" \/>\n<meta property=\"og:description\" content=\"Pon\u00fakame komplexn\u00e9 arboristick\u00e9 slu\u017eby Hodnotenie stavu stromov Pri dendrologickom hodnoten\u00ed stromov sa s\u00fastre\u010fujeme na nieko\u013eko k\u013e\u00fa\u010dov\u00fdch faktorov. Najprv d\u00f4kladne pozorujeme stromy, h\u013eadaj\u00fac ak\u00e9ko\u013evek zn\u00e1mky probl\u00e9mov ako hnilobu, odumret\u00e9 kon\u00e1re alebo zranenia k\u00f4ry. Potom sa zaober\u00e1me ich zdravotn\u00fdm stavom, \u010di u\u017e ide o pr\u00edtomnos\u0165 chor\u00f4b, \u0161kodcov alebo in\u00e9 zdravotn\u00e9 probl\u00e9my, ktor\u00e9 m\u00f4\u017eu ovplyvni\u0165 ich \u017eivotnos\u0165. Stabilita [&hellip;]\" \/>\n<meta property=\"og:url\" content=\"https:\/\/livewood.sk\/?page_id=370\" \/>\n<meta property=\"og:site_name\" content=\"LiveWood\" \/>\n<meta property=\"article:modified_time\" content=\"2024-04-02T20:15:59+00:00\" \/>\n<meta property=\"og:image\" content=\"https:\/\/livewood.sk\/wp-content\/uploads\/2024\/04\/P1170104-scaled.jpg\" \/>\n\t<meta property=\"og:image:width\" content=\"2560\" \/>\n\t<meta property=\"og:image:height\" content=\"1441\" \/>\n\t<meta property=\"og:image:type\" content=\"image\/jpeg\" \/>\n<meta name=\"twitter:card\" content=\"summary_large_image\" \/>\n<meta name=\"twitter:label1\" content=\"Predpokladan\u00fd \u010das \u010d\u00edtania\" \/>\n\t<meta name=\"twitter:data1\" content=\"2 min\u00faty\" \/>\n<script type=\"application\/ld+json\" class=\"yoast-schema-graph\">{\"@context\":\"https:\/\/schema.org\",\"@graph\":[{\"@type\":\"WebPage\",\"@id\":\"https:\/\/livewood.sk\/?page_id=370\",\"url\":\"https:\/\/livewood.sk\/?page_id=370\",\"name\":\"Slu\u017eby - LiveWood\",\"isPartOf\":{\"@id\":\"https:\/\/livewood.sk\/#website\"},\"datePublished\":\"2024-04-01T20:55:26+00:00\",\"dateModified\":\"2024-04-02T20:15:59+00:00\",\"breadcrumb\":{\"@id\":\"https:\/\/livewood.sk\/?page_id=370#breadcrumb\"},\"inLanguage\":\"sk-SK\",\"potentialAction\":[{\"@type\":\"ReadAction\",\"target\":[\"https:\/\/livewood.sk\/?page_id=370\"]}]},{\"@type\":\"BreadcrumbList\",\"@id\":\"https:\/\/livewood.sk\/?page_id=370#breadcrumb\",\"itemListElement\":[{\"@type\":\"ListItem\",\"position\":1,\"name\":\"Home\",\"item\":\"https:\/\/livewood.sk\/\"},{\"@type\":\"ListItem\",\"position\":2,\"name\":\"Slu\u017eby\"}]},{\"@type\":\"WebSite\",\"@id\":\"https:\/\/livewood.sk\/#website\",\"url\":\"https:\/\/livewood.sk\/\",\"name\":\"LiveWood\",\"description\":\"Experti v starostlivosti o stromy\",\"potentialAction\":[{\"@type\":\"SearchAction\",\"target\":{\"@type\":\"EntryPoint\",\"urlTemplate\":\"https:\/\/livewood.sk\/?s={search_term_string}\"},\"query-input\":\"required name=search_term_string\"}],\"inLanguage\":\"sk-SK\"}]}<\/script>\n<!-- \/ Yoast SEO plugin. -->","yoast_head_json":{"title":"Slu\u017eby - LiveWood","robots":{"index":"index","follow":"follow","max-snippet":"max-snippet:-1","max-image-preview":"max-image-preview:large","max-video-preview":"max-video-preview:-1"},"canonical":"https:\/\/livewood.sk\/?page_id=370","og_locale":"sk_SK","og_type":"article","og_title":"Slu\u017eby - LiveWood","og_description":"Pon\u00fakame komplexn\u00e9 arboristick\u00e9 slu\u017eby Hodnotenie stavu stromov Pri dendrologickom hodnoten\u00ed stromov sa s\u00fastre\u010fujeme na nieko\u013eko k\u013e\u00fa\u010dov\u00fdch faktorov. Najprv d\u00f4kladne pozorujeme stromy, h\u013eadaj\u00fac ak\u00e9ko\u013evek zn\u00e1mky probl\u00e9mov ako hnilobu, odumret\u00e9 kon\u00e1re alebo zranenia k\u00f4ry. Potom sa zaober\u00e1me ich zdravotn\u00fdm stavom, \u010di u\u017e ide o pr\u00edtomnos\u0165 chor\u00f4b, \u0161kodcov alebo in\u00e9 zdravotn\u00e9 probl\u00e9my, ktor\u00e9 m\u00f4\u017eu ovplyvni\u0165 ich \u017eivotnos\u0165. Stabilita [&hellip;]","og_url":"https:\/\/livewood.sk\/?page_id=370","og_site_name":"LiveWood","article_modified_time":"2024-04-02T20:15:59+00:00","og_image":[{"width":2560,"height":1441,"url":"https:\/\/livewood.sk\/wp-content\/uploads\/2024\/04\/P1170104-scaled.jpg","type":"image\/jpeg"}],"twitter_card":"summary_large_image","twitter_misc":{"Predpokladan\u00fd \u010das \u010d\u00edtania":"2 min\u00faty"},"schema":{"@context":"https:\/\/schema.org","@graph":[{"@type":"WebPage","@id":"https:\/\/livewood.sk\/?page_id=370","url":"https:\/\/livewood.sk\/?page_id=370","name":"Slu\u017eby - LiveWood","isPartOf":{"@id":"https:\/\/livewood.sk\/#website"},"datePublished":"2024-04-01T20:55:26+00:00","dateModified":"2024-04-02T20:15:59+00:00","breadcrumb":{"@id":"https:\/\/livewood.sk\/?page_id=370#breadcrumb"},"inLanguage":"sk-SK","potentialAction":[{"@type":"ReadAction","target":["https:\/\/livewood.sk\/?page_id=370"]}]},{"@type":"BreadcrumbList","@id":"https:\/\/livewood.sk\/?page_id=370#breadcrumb","itemListElement":[{"@type":"ListItem","position":1,"name":"Home","item":"https:\/\/livewood.sk\/"},{"@type":"ListItem","position":2,"name":"Slu\u017eby"}]},{"@type":"WebSite","@id":"https:\/\/livewood.sk\/#website","url":"https:\/\/livewood.sk\/","name":"LiveWood","description":"Experti v starostlivosti o stromy","potentialAction":[{"@type":"SearchAction","target":{"@type":"EntryPoint","urlTemplate":"https:\/\/livewood.sk\/?s={search_term_string}"},"query-input":"required name=search_term_string"}],"inLanguage":"sk-SK"}]}},"_links":{"self":[{"href":"https:\/\/livewood.sk\/index.php?rest_route=\/wp\/v2\/pages\/370","targetHints":{"allow":["GET"]}}],"collection":[{"href":"https:\/\/livewood.sk\/index.php?rest_route=\/wp\/v2\/pages"}],"about":[{"href":"https:\/\/livewood.sk\/index.php?rest_route=\/wp\/v2\/types\/page"}],"author":[{"embeddable":true,"href":"https:\/\/livewood.sk\/index.php?rest_route=\/wp\/v2\/users\/1"}],"replies":[{"embeddable":true,"href":"https:\/\/livewood.sk\/index.php?rest_route=%2Fwp%2Fv2%2Fcomments&post=370"}],"version-history":[{"count":6,"href":"https:\/\/livewood.sk\/index.php?rest_route=\/wp\/v2\/pages\/370\/revisions"}],"predecessor-version":[{"id":401,"href":"https:\/\/livewood.sk\/index.php?rest_route=\/wp\/v2\/pages\/370\/revisions\/401"}],"wp:featuredmedia":[{"embeddable":true,"href":"https:\/\/livewood.sk\/index.php?rest_route=\/wp\/v2\/media\/392"}],"wp:attachment":[{"href":"https:\/\/livewood.sk\/index.php?rest_route=%2Fwp%2Fv2%2Fmedia&parent=370"}],"curies":[{"name":"wp","href":"https:\/\/api.w.org\/{rel}","templated":true}]}}