{"id":382,"date":"2024-04-01T23:11:35","date_gmt":"2024-04-01T21:11:35","guid":{"rendered":"https:\/\/livewood.sk\/?page_id=382"},"modified":"2024-04-02T16:38:05","modified_gmt":"2024-04-02T14:38:05","slug":"fakturacne-udaje","status":"publish","type":"page","link":"https:\/\/livewood.sk\/?page_id=382","title":{"rendered":"Faktura\u010dn\u00e9 \u00fadaje"},"content":{"rendered":"<p><strong><em>LiveWood s.r.o<\/em><\/strong><br \/>\n<em>Karola Adlera 15,&nbsp;<\/em><em>841 02 Bratislava<\/em><br \/>\n<em><span id=\"i18n-NaN\">I\u010cO:<\/span>&nbsp;52 286 100,&nbsp;<\/em><em><span id=\"i18n-NaN\">DI\u010c:<\/span>&nbsp;2120965649<br \/>\nnie sme platcam DPH<\/em><\/p>\n","protected":false},"excerpt":{"rendered":"<p>LiveWood s.r.o Karola Adlera 15,&nbsp;841 02 Bratislava I\u010cO:&nbsp;52 286 100,&nbsp;DI\u010c:&nbsp;2120965649 nie sme platcam DPH<\/p>\n","protected":false},"author":1,"featured_media":393,"parent":0,"menu_order":0,"comment_status":"closed","ping_status":"closed","template":"","meta":{"_mi_skip_tracking":false,"footnotes":""},"class_list":["post-382","page","type-page","status-publish","has-post-thumbnail","hentry"],"yoast_head":"<!-- This site is optimized with the Yoast SEO plugin v19.13 - https:\/\/yoast.com\/wordpress\/plugins\/seo\/ -->\n<title>Faktura\u010dn\u00e9 \u00fadaje - LiveWood<\/title>\n<meta name=\"robots\" content=\"index, follow, max-snippet:-1, max-image-preview:large, max-video-preview:-1\" \/>\n<link rel=\"canonical\" href=\"https:\/\/livewood.sk\/?page_id=382\" \/>\n<meta property=\"og:locale\" content=\"sk_SK\" \/>\n<meta property=\"og:type\" content=\"article\" \/>\n<meta property=\"og:title\" content=\"Faktura\u010dn\u00e9 \u00fadaje - LiveWood\" \/>\n<meta property=\"og:description\" content=\"LiveWood s.r.o Karola Adlera 15,&nbsp;841 02 Bratislava I\u010cO:&nbsp;52 286 100,&nbsp;DI\u010c:&nbsp;2120965649 nie sme platcam DPH\" \/>\n<meta property=\"og:url\" content=\"https:\/\/livewood.sk\/?page_id=382\" \/>\n<meta property=\"og:site_name\" content=\"LiveWood\" \/>\n<meta property=\"article:modified_time\" content=\"2024-04-02T14:38:05+00:00\" \/>\n<meta property=\"og:image\" content=\"https:\/\/livewood.sk\/wp-content\/uploads\/2024\/04\/P1170200-2-scaled.jpg\" \/>\n\t<meta property=\"og:image:width\" content=\"2560\" \/>\n\t<meta property=\"og:image:height\" content=\"1441\" \/>\n\t<meta property=\"og:image:type\" content=\"image\/jpeg\" \/>\n<meta name=\"twitter:card\" content=\"summary_large_image\" \/>\n<meta name=\"twitter:label1\" content=\"Predpokladan\u00fd \u010das \u010d\u00edtania\" \/>\n\t<meta name=\"twitter:data1\" content=\"1 min\u00fata\" \/>\n<script type=\"application\/ld+json\" class=\"yoast-schema-graph\">{\"@context\":\"https:\/\/schema.org\",\"@graph\":[{\"@type\":\"WebPage\",\"@id\":\"https:\/\/livewood.sk\/?page_id=382\",\"url\":\"https:\/\/livewood.sk\/?page_id=382\",\"name\":\"Faktura\u010dn\u00e9 \u00fadaje - LiveWood\",\"isPartOf\":{\"@id\":\"https:\/\/livewood.sk\/#website\"},\"datePublished\":\"2024-04-01T21:11:35+00:00\",\"dateModified\":\"2024-04-02T14:38:05+00:00\",\"breadcrumb\":{\"@id\":\"https:\/\/livewood.sk\/?page_id=382#breadcrumb\"},\"inLanguage\":\"sk-SK\",\"potentialAction\":[{\"@type\":\"ReadAction\",\"target\":[\"https:\/\/livewood.sk\/?page_id=382\"]}]},{\"@type\":\"BreadcrumbList\",\"@id\":\"https:\/\/livewood.sk\/?page_id=382#breadcrumb\",\"itemListElement\":[{\"@type\":\"ListItem\",\"position\":1,\"name\":\"Home\",\"item\":\"https:\/\/livewood.sk\/\"},{\"@type\":\"ListItem\",\"position\":2,\"name\":\"Faktura\u010dn\u00e9 \u00fadaje\"}]},{\"@type\":\"WebSite\",\"@id\":\"https:\/\/livewood.sk\/#website\",\"url\":\"https:\/\/livewood.sk\/\",\"name\":\"LiveWood\",\"description\":\"Experti v starostlivosti o stromy\",\"potentialAction\":[{\"@type\":\"SearchAction\",\"target\":{\"@type\":\"EntryPoint\",\"urlTemplate\":\"https:\/\/livewood.sk\/?s={search_term_string}\"},\"query-input\":\"required name=search_term_string\"}],\"inLanguage\":\"sk-SK\"}]}<\/script>\n<!-- \/ Yoast SEO plugin. -->","yoast_head_json":{"title":"Faktura\u010dn\u00e9 \u00fadaje - LiveWood","robots":{"index":"index","follow":"follow","max-snippet":"max-snippet:-1","max-image-preview":"max-image-preview:large","max-video-preview":"max-video-preview:-1"},"canonical":"https:\/\/livewood.sk\/?page_id=382","og_locale":"sk_SK","og_type":"article","og_title":"Faktura\u010dn\u00e9 \u00fadaje - LiveWood","og_description":"LiveWood s.r.o Karola Adlera 15,&nbsp;841 02 Bratislava I\u010cO:&nbsp;52 286 100,&nbsp;DI\u010c:&nbsp;2120965649 nie sme platcam DPH","og_url":"https:\/\/livewood.sk\/?page_id=382","og_site_name":"LiveWood","article_modified_time":"2024-04-02T14:38:05+00:00","og_image":[{"width":2560,"height":1441,"url":"https:\/\/livewood.sk\/wp-content\/uploads\/2024\/04\/P1170200-2-scaled.jpg","type":"image\/jpeg"}],"twitter_card":"summary_large_image","twitter_misc":{"Predpokladan\u00fd \u010das \u010d\u00edtania":"1 min\u00fata"},"schema":{"@context":"https:\/\/schema.org","@graph":[{"@type":"WebPage","@id":"https:\/\/livewood.sk\/?page_id=382","url":"https:\/\/livewood.sk\/?page_id=382","name":"Faktura\u010dn\u00e9 \u00fadaje - LiveWood","isPartOf":{"@id":"https:\/\/livewood.sk\/#website"},"datePublished":"2024-04-01T21:11:35+00:00","dateModified":"2024-04-02T14:38:05+00:00","breadcrumb":{"@id":"https:\/\/livewood.sk\/?page_id=382#breadcrumb"},"inLanguage":"sk-SK","potentialAction":[{"@type":"ReadAction","target":["https:\/\/livewood.sk\/?page_id=382"]}]},{"@type":"BreadcrumbList","@id":"https:\/\/livewood.sk\/?page_id=382#breadcrumb","itemListElement":[{"@type":"ListItem","position":1,"name":"Home","item":"https:\/\/livewood.sk\/"},{"@type":"ListItem","position":2,"name":"Faktura\u010dn\u00e9 \u00fadaje"}]},{"@type":"WebSite","@id":"https:\/\/livewood.sk\/#website","url":"https:\/\/livewood.sk\/","name":"LiveWood","description":"Experti v starostlivosti o stromy","potentialAction":[{"@type":"SearchAction","target":{"@type":"EntryPoint","urlTemplate":"https:\/\/livewood.sk\/?s={search_term_string}"},"query-input":"required name=search_term_string"}],"inLanguage":"sk-SK"}]}},"_links":{"self":[{"href":"https:\/\/livewood.sk\/index.php?rest_route=\/wp\/v2\/pages\/382","targetHints":{"allow":["GET"]}}],"collection":[{"href":"https:\/\/livewood.sk\/index.php?rest_route=\/wp\/v2\/pages"}],"about":[{"href":"https:\/\/livewood.sk\/index.php?rest_route=\/wp\/v2\/types\/page"}],"author":[{"embeddable":true,"href":"https:\/\/livewood.sk\/index.php?rest_route=\/wp\/v2\/users\/1"}],"replies":[{"embeddable":true,"href":"https:\/\/livewood.sk\/index.php?rest_route=%2Fwp%2Fv2%2Fcomments&post=382"}],"version-history":[{"count":3,"href":"https:\/\/livewood.sk\/index.php?rest_route=\/wp\/v2\/pages\/382\/revisions"}],"predecessor-version":[{"id":396,"href":"https:\/\/livewood.sk\/index.php?rest_route=\/wp\/v2\/pages\/382\/revisions\/396"}],"wp:featuredmedia":[{"embeddable":true,"href":"https:\/\/livewood.sk\/index.php?rest_route=\/wp\/v2\/media\/393"}],"wp:attachment":[{"href":"https:\/\/livewood.sk\/index.php?rest_route=%2Fwp%2Fv2%2Fmedia&parent=382"}],"curies":[{"name":"wp","href":"https:\/\/api.w.org\/{rel}","templated":true}]}}